{"id":2662,"date":"2024-03-16T01:57:32","date_gmt":"2024-03-16T01:57:32","guid":{"rendered":"https:\/\/wp.mit.tn\/fr\/?page_id=2662"},"modified":"2024-03-25T10:20:57","modified_gmt":"2024-03-25T10:20:57","slug":"stages","status":"publish","type":"page","link":"https:\/\/wp.mit.tn\/fr\/stages\/","title":{"rendered":"Stages"},"content":{"rendered":"\t\t<div data-elementor-type=\"wp-page\" data-elementor-id=\"2662\" class=\"elementor elementor-2662\">\n\t\t\t\t\t\t<section class=\"elementor-section elementor-top-section elementor-element elementor-element-f0aa9d7 elementor-section-boxed elementor-section-height-default elementor-section-height-default\" data-id=\"f0aa9d7\" data-element_type=\"section\">\n\t\t\t\t\t\t<div class=\"elementor-container elementor-column-gap-default\">\n\t\t\t\t\t<div class=\"elementor-column elementor-col-100 elementor-top-column elementor-element elementor-element-9aa514a\" data-id=\"9aa514a\" data-element_type=\"column\">\n\t\t\t<div class=\"elementor-widget-wrap elementor-element-populated\">\n\t\t\t\t\t\t<div class=\"elementor-element elementor-element-6eb5c99 elementor-widget elementor-widget-Varn_About_Text\" data-id=\"6eb5c99\" data-element_type=\"widget\" data-widget_type=\"Varn_About_Text.default\">\n\t\t\t\t<div class=\"elementor-widget-container\">\n\t\t\t        <div class=\"about-text text-left\">\r\n            <h3><\/h3>\r\n            <div><section class=\"project-details-area ptb-100\"><div class=\"container\"><div class=\"row\"><div class=\"col-lg-12 col-md-12\"><div class=\"projects-details-desc\"><p>NOTE AUX \u00c9TUDIANTS STAGIAIRES<\/p><p>Chaque \u00e9tudiant stagiaire doit consulter le site de l\u2019Institut\u00a0<a href=\"http:\/\/mit.tn\/\">mit.tn<\/a>\u00a0pour t\u00e9l\u00e9charger toutes les pi\u00e8ces recommand\u00e9es et les remplir sur son ordinateur apr\u00e8s les imprimer en version Word et les envoyer dans leurs d\u00e9lais et sous la responsabilit\u00e9 du Maitre de Stage et de l\u2019Encadrant p\u00e9dagogique avant de les pr\u00e9senter pour signature. Aucune d\u00e9marche administrative ne pourra \u00eatre entreprise avant d\u2019avoir signer et remis \u00e0 la direction des stages la \"Charte\" d\u00fbment sign\u00e9e.<\/p><p>Les cinq pi\u00e8ces \u00e0 utiliser sont les suivantes :<\/p><div class=\"features-text\"><h4><i class=\"flaticon-tick\"><\/i>\u00a0La Charte de stage :<\/h4><p>1. La charte de stage qui pr\u00e9cise le r\u00f4le, les droits et les obligations de chacun des intervenants (rien \u00e0 remplir mais doit \u00eatre annex\u00e9e \u00e0 la convention apr\u00e8s sa signature).<\/p><p>\u00a0<\/p><p><a href=\"https:\/\/mit.tn\/fr\/\/stage#\">T\u00e9l\u00e9charger le cahier de stage.<\/a><\/p><p>\u00a0<\/p><\/div><div class=\"features-text\"><h4><i class=\"flaticon-tick\"><\/i>\u00a0La Convention de stage :<\/h4><p>2. La convention de stage qui r\u00e8glemente la coop\u00e9ration entre l\u2019\u00e9tablissement d\u2019enseignement sup\u00e9rieur et les modalit\u00e9s de stage \u00e0 faire : cette convention une fois sign\u00e9e, l\u2019\u00e9tudiant attend l\u2019affichage de l\u2019affectation des encadrants p\u00e9dagogiques pour contacter le sien ).<\/p><p><a href=\"https:\/\/mit.tn\/fr\/\/stage#\">T\u00e9l\u00e9charger la convention de stage.<\/a><\/p><p>L\u2019\u00e9tudiant doit remplir la convention de stage sous la direction des responsables de l\u2019organisme d\u2019accueil et de son encadrant universitaire. Une fois sign\u00e9e en trois exemplaires (avec leur Charte en annexe), une copie sera remise \u00e0 l\u2019organisme d\u2019accueil et deux exemplaires pour le service des stages \u00e0 l\u2019Institut et ce avant la fin du premier mois de stage.<\/p><\/div><div class=\"features-text\"><h4><i class=\"flaticon-tick\"><\/i>\u00a0Le cahier de stage :<\/h4><p>3. Le cahier de stage qui est l\u2019outil de contr\u00f4le interne g\u00e9rant le stage et le stagiaire au sein de l\u2019entreprise et avec l\u2019encadrant p\u00e9dagogique : ce cahier doit \u00eatre \u00e9tabli provisoirement en deux (02) exemplaires ; une copie sign\u00e9e pour le ma\u00eetre du stage, et une copie pour l\u2019\u00e9tudiant qui la pr\u00e9sente \u00e0 son encadrant p\u00e9dagogique et son Maitre de stage \u00e0 chaque r\u00e9union de travail ou de contr\u00f4le. \u00c0 la fin du stage l\u2019\u00e9tudiant rassemble toutes les donn\u00e9es dans une version finale qui sera r\u00e9dig\u00e9e sur ordinateur et corrig\u00e9e par ses deux tuteurs.<\/p><p><a href=\"https:\/\/mit.tn\/fr\/\/stage#\">T\u00e9l\u00e9charger le cahier de stage.<\/a><\/p><p>A . L\u2019\u00e9tudiant doit garder une copie de son cahier de Stage (et du Guide de Stage) \u00e0 la demande de son encadrant p\u00e9dagogique et de son ma\u00eetre de stage pour qu\u2019elle soit remplie et mise r\u00e9guli\u00e8rement \u00e0 jour.<\/p><p>B . \u00c0 la fin du Stage l\u2019\u00e9tudiant doit retaper sur son ordinateur le contenu d\u00e9j\u00e0 enregistr\u00e9 au stylo pour avoir une version finale propre avant de la resoumettre aux signataires en trois exemplaires (une pour l\u2019entreprise et deux pour l\u2019Institut).<\/p><\/div><div class=\"features-text\"><h4><i class=\"flaticon-tick\"><\/i>\u00a0Le Guide de Stage :<\/h4><p>4. Le guide de stage, qui aide les diff\u00e9rents intervenants et surtout l\u2019\u00e9tudiant \u00e0 bien exploiter son stage \u00e0 travers les conseils et directives pr\u00e9sent\u00e9es. (ce guide doit \u00eatre annex\u00e9 au cahier de stage de l\u2019\u00e9tudiant, c\u2019est un aide-m\u00e9moire pour la partie pratique et qui ne peut en aucun cas remplacer les directives de l\u2019encadrant surtout dans la partie th\u00e9orique)<\/p><p><a href=\"https:\/\/mit.tn\/fr\/\/stage#\">T\u00e9l\u00e9charger le guide de stage.<\/a><\/p><\/div><div class=\"features-text\"><h4><i class=\"flaticon-tick\"><\/i>\u00a0la fiche de pr\u00e9sence :<\/h4><p>5. La feuille de pr\u00e9sence en lieu de Stage qui garantit et justifie le d\u00e9roulement du stage et le respect des r\u00e8glements : \u00e0 imprimer en plusieurs exemplaires, soit a raison d\u2019une feuille par semaine sauf prolongation justifi\u00e9e de la dur\u00e9e du Stage)<\/p><p><a href=\"https:\/\/mit.tn\/fr\/\/stage#\">T\u00e9l\u00e9charger la fiche de pr\u00e9sence.<\/a><\/p><p>La feuille de Pr\u00e9sence , doit \u00eatre v\u00e9rifi\u00e9e et sign\u00e9e chaque jour, sans oublier de fournir une copie pour la semaine suivante. (12 Fiches pour 12 semaines)<\/p><\/div><div class=\"features-text\"><h4><i class=\"flaticon-tick\"><\/i>\u00a0Finalement :<\/h4><p>\u00c0 la fin du Stage l\u2019\u00e9tudiant doit pr\u00e9senter la fiche d\u2019\u00e9valuation soigneusement Remplie sur ordinateur sauf la partie \u00ab \u00c9valuation \u00bb qui sera compl\u00e9t\u00e9e au stylo par les responsables de l\u2019entreprise et sign\u00e9e en trois exemplaires.<\/p><p>et nous les envoyer par email \u00e0 l\u2019adresse suivante ( ihet.memoires2016@gmail.com) d\u00e8s que les informations relatives au sujet et stage seront fournies.<\/p><p>Une fois toutes les proc\u00e9dures et les t\u00e2ches sont bien accomplies l\u2019organisme d\u2019accueil d\u00e9livre \u00e0 l\u2019\u00e9tudiant une attestation de stage dont une copie sera remise avec le dossier du Stage \u00e0 l\u2019administration de MIT (Bureau des Stages), la convention du stage, la charte du stage, le cahier du stage, les feuilles de Pr\u00e9sence des 12 semaines, la fiche d\u2019\u00e9valuation et une copie de l\u2019attestation du stage seront exig\u00e9s et not\u00e9s en parall\u00e8le lors de la soutenance qui sera not\u00e9e en parall\u00e8le de la soutenance du m\u00e9moire ou PFE, et feront partie du dossier d\u2019\u00e9quivalence demand\u00e9 par le Minist\u00e8re de l\u2019enseignement sup\u00e9rieur. Donc il faut bien y prendre soin.<\/p><\/div><div class=\"partner-area ptb-100 pb-0\"><div class=\"container\"><div class=\"section-title\"><h2>Nos Partenaires<\/h2><p>MIT a sign\u00e9 des conventions de partenariat avec le milieu industriel pour favoriser l\u2019insertion des \u00e9tudiants : stages, travaux pratiques, int\u00e9gration dans le monde social et professionnel.<\/p><\/div><div class=\"partner-slides owl-carousel owl-theme owl-loaded owl-drag\"><div class=\"owl-stage-outer\"><div class=\"owl-stage\"><div class=\"owl-item cloned\">\u00a0<\/div><\/div><\/div><\/div><\/div><\/div><\/div><\/div><\/div><\/div><\/section><p>\u00a0<\/p><\/div>\r\n        <\/div>\r\n        \t\t<\/div>\n\t\t\t\t<\/div>\n\t\t\t\t\t<\/div>\n\t\t<\/div>\n\t\t\t\t\t<\/div>\n\t\t<\/section>\n\t\t\t\t<section class=\"elementor-section elementor-top-section elementor-element elementor-element-38d8f0d elementor-section-boxed elementor-section-height-default elementor-section-height-default\" data-id=\"38d8f0d\" data-element_type=\"section\">\n\t\t\t\t\t\t<div class=\"elementor-container elementor-column-gap-default\">\n\t\t\t\t\t<div class=\"elementor-column elementor-col-100 elementor-top-column elementor-element elementor-element-dbaf0d1\" data-id=\"dbaf0d1\" data-element_type=\"column\">\n\t\t\t<div class=\"elementor-widget-wrap elementor-element-populated\">\n\t\t\t\t\t\t<div class=\"elementor-element elementor-element-912f0be e-transform elementor-arrows-position-inside elementor-pagination-position-outside elementor-widget elementor-widget-image-carousel\" data-id=\"912f0be\" data-element_type=\"widget\" data-settings=\"{&quot;_transform_translateY_effect&quot;:{&quot;unit&quot;:&quot;px&quot;,&quot;size&quot;:-171,&quot;sizes&quot;:[]},&quot;navigation&quot;:&quot;both&quot;,&quot;autoplay&quot;:&quot;yes&quot;,&quot;pause_on_hover&quot;:&quot;yes&quot;,&quot;pause_on_interaction&quot;:&quot;yes&quot;,&quot;autoplay_speed&quot;:5000,&quot;infinite&quot;:&quot;yes&quot;,&quot;speed&quot;:500,&quot;_transform_translateX_effect&quot;:{&quot;unit&quot;:&quot;px&quot;,&quot;size&quot;:&quot;&quot;,&quot;sizes&quot;:[]},&quot;_transform_translateX_effect_tablet&quot;:{&quot;unit&quot;:&quot;px&quot;,&quot;size&quot;:&quot;&quot;,&quot;sizes&quot;:[]},&quot;_transform_translateX_effect_mobile&quot;:{&quot;unit&quot;:&quot;px&quot;,&quot;size&quot;:&quot;&quot;,&quot;sizes&quot;:[]},&quot;_transform_translateY_effect_tablet&quot;:{&quot;unit&quot;:&quot;px&quot;,&quot;size&quot;:&quot;&quot;,&quot;sizes&quot;:[]},&quot;_transform_translateY_effect_mobile&quot;:{&quot;unit&quot;:&quot;px&quot;,&quot;size&quot;:&quot;&quot;,&quot;sizes&quot;:[]}}\" data-widget_type=\"image-carousel.default\">\n\t\t\t\t<div class=\"elementor-widget-container\">\n\t\t\t\t\t<div class=\"elementor-image-carousel-wrapper swiper-container\" dir=\"ltr\">\n\t\t\t<div class=\"elementor-image-carousel swiper-wrapper\" aria-live=\"off\">\n\t\t\t\t\t\t\t\t<div class=\"swiper-slide\" role=\"group\" aria-roledescription=\"slide\" aria-label=\"1 of 5\"><figure class=\"swiper-slide-inner\"><img decoding=\"async\" class=\"swiper-slide-image\" src=\"https:\/\/wp.mit.tn\/wp-content\/uploads\/2024\/03\/66.png\" alt=\"BNS Engineering Business numericsystems\" \/><\/figure><\/div><div class=\"swiper-slide\" role=\"group\" aria-roledescription=\"slide\" aria-label=\"2 of 5\"><figure class=\"swiper-slide-inner\"><img decoding=\"async\" class=\"swiper-slide-image\" src=\"https:\/\/wp.mit.tn\/wp-content\/uploads\/2024\/03\/telechargement_2.png\" alt=\"Neopolis D\u00e9veloppement\" \/><\/figure><\/div><div class=\"swiper-slide\" role=\"group\" aria-roledescription=\"slide\" aria-label=\"3 of 5\"><figure class=\"swiper-slide-inner\"><img decoding=\"async\" class=\"swiper-slide-image\" src=\"https:\/\/wp.mit.tn\/wp-content\/uploads\/2024\/03\/telechargement_1_gJtyseV.jpg\" alt=\"Banque zaitouna\" \/><\/figure><\/div><div class=\"swiper-slide\" role=\"group\" aria-roledescription=\"slide\" aria-label=\"4 of 5\"><figure class=\"swiper-slide-inner\"><img decoding=\"async\" class=\"swiper-slide-image\" src=\"https:\/\/wp.mit.tn\/wp-content\/uploads\/2024\/03\/telechargement_4.png\" alt=\"Aftercode\" \/><\/figure><\/div><div class=\"swiper-slide\" role=\"group\" aria-roledescription=\"slide\" aria-label=\"5 of 5\"><figure class=\"swiper-slide-inner\"><img decoding=\"async\" class=\"swiper-slide-image\" src=\"https:\/\/wp.mit.tn\/wp-content\/uploads\/2024\/03\/telechargement_5.png\" alt=\"Smart IT\" \/><\/figure><\/div>\t\t\t<\/div>\n\t\t\t\t\t\t\t\t\t\t\t\t<div class=\"elementor-swiper-button elementor-swiper-button-prev\" role=\"button\" tabindex=\"0\">\n\t\t\t\t\t\t<i aria-hidden=\"true\" class=\"eicon-chevron-left\"><\/i>\t\t\t\t\t<\/div>\n\t\t\t\t\t<div class=\"elementor-swiper-button elementor-swiper-button-next\" role=\"button\" tabindex=\"0\">\n\t\t\t\t\t\t<i aria-hidden=\"true\" class=\"eicon-chevron-right\"><\/i>\t\t\t\t\t<\/div>\n\t\t\t\t\n\t\t\t\t\t\t\t\t\t<div class=\"swiper-pagination\"><\/div>\n\t\t\t\t\t\t\t\t\t<\/div>\n\t\t\t\t<\/div>\n\t\t\t\t<\/div>\n\t\t\t\t\t<\/div>\n\t\t<\/div>\n\t\t\t\t\t<\/div>\n\t\t<\/section>\n\t\t\t\t<\/div>\n\t\t","protected":false},"excerpt":{"rendered":"<p>NOTE AUX \u00c9TUDIANTS STAGIAIRES Chaque \u00e9tudiant stagiaire doit consulter le site de l\u2019Institut\u00a0mit.tn\u00a0pour t\u00e9l\u00e9charger toutes les pi\u00e8ces recommand\u00e9es et les remplir sur son ordinateur apr\u00e8s les imprimer en version Word et les envoyer dans leurs d\u00e9lais et sous la responsabilit\u00e9 du Maitre de Stage et de l\u2019Encadrant p\u00e9dagogique avant de les pr\u00e9senter pour signature. Aucune <\/p>\n","protected":false},"author":1,"featured_media":0,"parent":0,"menu_order":0,"comment_status":"closed","ping_status":"closed","template":"","meta":{"footnotes":""},"_links":{"self":[{"href":"https:\/\/wp.mit.tn\/fr\/wp-json\/wp\/v2\/pages\/2662"}],"collection":[{"href":"https:\/\/wp.mit.tn\/fr\/wp-json\/wp\/v2\/pages"}],"about":[{"href":"https:\/\/wp.mit.tn\/fr\/wp-json\/wp\/v2\/types\/page"}],"author":[{"embeddable":true,"href":"https:\/\/wp.mit.tn\/fr\/wp-json\/wp\/v2\/users\/1"}],"replies":[{"embeddable":true,"href":"https:\/\/wp.mit.tn\/fr\/wp-json\/wp\/v2\/comments?post=2662"}],"version-history":[{"count":4,"href":"https:\/\/wp.mit.tn\/fr\/wp-json\/wp\/v2\/pages\/2662\/revisions"}],"predecessor-version":[{"id":4568,"href":"https:\/\/wp.mit.tn\/fr\/wp-json\/wp\/v2\/pages\/2662\/revisions\/4568"}],"wp:attachment":[{"href":"https:\/\/wp.mit.tn\/fr\/wp-json\/wp\/v2\/media?parent=2662"}],"curies":[{"name":"wp","href":"https:\/\/api.w.org\/{rel}","templated":true}]}}