{"id":1143,"date":"2020-04-23T18:43:30","date_gmt":"2020-04-23T18:43:30","guid":{"rendered":"https:\/\/themes.jibdara.com\/varn\/?page_id=1143"},"modified":"2024-03-26T08:08:02","modified_gmt":"2024-03-26T08:08:02","slug":"presentation","status":"publish","type":"page","link":"https:\/\/wp.mit.tn\/fr\/presentation\/","title":{"rendered":"Pr\u00e9sentation"},"content":{"rendered":"\t\t<div data-elementor-type=\"wp-page\" data-elementor-id=\"1143\" class=\"elementor elementor-1143\">\n\t\t\t\t\t\t<section class=\"elementor-section elementor-top-section elementor-element elementor-element-20743df elementor-section-boxed elementor-section-height-default elementor-section-height-default\" data-id=\"20743df\" data-element_type=\"section\">\n\t\t\t\t\t\t<div class=\"elementor-container elementor-column-gap-default\">\n\t\t\t\t\t<div class=\"elementor-column elementor-col-100 elementor-top-column elementor-element elementor-element-c4c1f37\" data-id=\"c4c1f37\" data-element_type=\"column\">\n\t\t\t<div class=\"elementor-widget-wrap elementor-element-populated\">\n\t\t\t\t\t\t<div class=\"elementor-element elementor-element-12e7fda elementor-widget elementor-widget-Varn_About_Area\" data-id=\"12e7fda\" data-element_type=\"widget\" data-widget_type=\"Varn_About_Area.default\">\n\t\t\t\t<div class=\"elementor-widget-container\">\n\t\t\t\r\n\t\t<section class=\"about-area-two ptb-100\">\r\n            <div class=\"container\">\r\n                <div class=\"row align-items-center\">\r\n                    <div class=\"col-lg-5 col-md-12\">\r\n                        <div class=\"about-image\">\r\n\t\t\t\t\t\t\t\t\t\t\t\t\t\t\t\t\t\t\t\t\t\t\t\t<img decoding=\"async\" src=\"https:\/\/wp.mit.tn\/wp-content\/uploads\/2024\/03\/398449960_1080761773365235_4040832615478543237_n.jpg\" alt=\"\" class=\"rounded-10\"\/>\r\n\t\t\t\t\t\t\t\t\t\t\t\t\t\t\t\r\n\t\t\t\t\t\t\t\t\t\t\t\t\t\t\t<div class=\"solution-video\">\r\n\t\t\t\t\t\t\t\t\t<a href=\"https:\/\/youtu.be\/DKfYdE_W6rQ\" class=\"video-btn popup-youtube\">\r\n\t\t\t\t\t\t\t\t\t\t<i class=\"flaticon-play-button\"><\/i>\r\n\t\t\t\t\t\t\t\t\t<\/a>\r\n\t\t\t\t\t\t\t\t<\/div>\r\n\t\t\t\t\t\t\t                        <\/div>\r\n                    <\/div>\r\n                    <div class=\"col-lg-7 col-md-12\">\r\n                        <div class=\"about-content\">\r\n                            <div class=\"section-title text-left\">\r\n                                <span class=\"sub-title\"><\/span>\r\n                                <h2><\/h2>\r\n                                <p><div class=\"section-title text-left\"><div class=\"container\"><div class=\"col-lg-8 \"><a class=\"default-btn\" href=\"https:\/\/mit.tn\/static\/img\/livrets\/Journal%20electronique%20universit%C3%A9%20medit%C3%A9rannean.pdf\" target=\"_blank\" rel=\"noopener\">JOURNAL \u00c9LECTRONIQUE MIT<\/a><\/div><\/div><div class=\"row align-items-center\"><div class=\"col-lg-5 col-md-12\"><div class=\"about-image\"><div class=\"solution-video\">\u00a0<\/div><\/div><\/div><div class=\"col-lg-7 col-md-12\"><div class=\"about-content\"><div class=\"section-title text-left\"><h3>\u00a0<\/h3><\/div><\/div><\/div><\/div><h3>\u00a0<\/h3><h3>Mediterranean Institute Of Tunisia<\/h3><\/div><div class=\"about-text\"><h4>Anciennet\u00e9 et Qualit\u00e9<\/h4><p>Fond\u00e9e en 2004 en collaboration avec le R\u00e9seau Euro-M\u00e9diterran\u00e9en pour l\u2019Enseignement et la Recherche en Economie et en Gestion et en Technologie et TIC, R\u00e9seau REMEREG, l\u2019Universit\u00e9 M\u00e9dit\u00e9rran\u00e9ene, Mediterranean Institute of Tunisia, MIT a r\u00e9ussi \u00e0 obtenir une large reconnaissance nationale et internationale. Le R\u00e9seau REMEREG regroupe des universit\u00e9s publiques et priv\u00e9es europ\u00e9ennes, nord-am\u00e9ricaines et tunisiennes comme dans la rubrique REMEREG. Grace \u00e0 ses partenariats internationaux, MIT Tunisie offre des double cursus aboutissant \u00e0 des dipl\u00f4mes internationaux. MIT d\u00e9livre des dipl\u00f4mes tunisiens d\u2019abord et europ\u00e9ens ensuite (pour ceux qui le souhaitent) et profite pleinement du dynamisme des universit\u00e9s europ\u00e9ennes.<\/p><\/div><div class=\"about-text\"><h4>Dipl\u00f4me<\/h4><p>L\u2019universit\u00e9 M\u00e9diterran\u00e9enne d\u00e9livre des dipl\u00f4mes agr\u00e9es par l\u2019\u00c9tat du premier cycle au Doctorat. C\u2019est une premi\u00e8re en Tunisie. Imm\u00e9diatement op\u00e9rationnel, le dipl\u00f4me de l\u2019Universit\u00e9 r\u00e9pond aux exigences des entreprises, des banques, des institutions des \u00e9coles et des universit\u00e9s m\u00e9diterran\u00e9ennes.<\/p><\/div><div class=\"about-text\"><h4>Enseignement \u00e0 Distance<\/h4><p>MIT dispose d\u2019une plateforme d\u2019enseignement \u00e0 distance Moodle, d\u2019une biblioth\u00e8que digitale ; Applications Mobile (universit\u00e9 sur t\u00e9l\u00e9phone) ,d\u2019\u00e9quipement high tech, de conseillers p\u00e9dagogiques hautement qualifi\u00e9s qui couvrent tous les programmes de formation. Les cours sont en pr\u00e9sentiel, \u00e0 distance et hybride (p\u00e9riode de COVID19).<\/p><\/div><\/p>\r\n\t\t\t\t\t\t\t<\/div>\r\n\r\n\t\t\t\t\t\t\t                        <\/div>\r\n                    <\/div>\r\n                <\/div>\r\n            <\/div>\r\n        <\/section>\r\n\r\n        \t\t<\/div>\n\t\t\t\t<\/div>\n\t\t\t\t\t<\/div>\n\t\t<\/div>\n\t\t\t\t\t<\/div>\n\t\t<\/section>\n\t\t\t\t<section class=\"elementor-section elementor-top-section elementor-element elementor-element-9589a6e elementor-section-boxed elementor-section-height-default elementor-section-height-default\" data-id=\"9589a6e\" data-element_type=\"section\">\n\t\t\t\t\t\t<div class=\"elementor-container elementor-column-gap-default\">\n\t\t\t\t\t<div class=\"elementor-column elementor-col-100 elementor-top-column elementor-element elementor-element-f4e0236\" data-id=\"f4e0236\" data-element_type=\"column\">\n\t\t\t<div class=\"elementor-widget-wrap elementor-element-populated\">\n\t\t\t\t\t\t<div class=\"elementor-element elementor-element-83ba8a7 elementor-widget elementor-widget-Varn_About_Text\" data-id=\"83ba8a7\" data-element_type=\"widget\" data-widget_type=\"Varn_About_Text.default\">\n\t\t\t\t<div class=\"elementor-widget-container\">\n\t\t\t        <div class=\"about-text text-left\">\r\n            <h3><\/h3>\r\n            <div><section class=\"choose-area-two ptb-100\"><div class=\"container\"><div class=\"row align-items-center\"><div class=\"col-lg-6\"><div class=\"choose-content\"><div class=\"section-title text-left\"><h2>POURQUOI MIT ?<\/h2><\/div><div class=\"choose-text\"><i class=\"bx bx-badge-check\"><\/i><p>Offrir ce s\u00e9same \u00e0 travers l\u2019Afrique gratuitement \u00e0 tous sur plus de 1000 cours.<\/p><\/div><div class=\"choose-text\"><i class=\"bx bx-badge-check\"><\/i><p>Places gratuites \u00e0 nos enseignements en pr\u00e9sentiel.<\/p><\/div><div class=\"choose-text\"><i class=\"bx bx-badge-check\"><\/i><p>Bourse d\u2019\u00e9tudes et Places gratuites et acc\u00e8s d\u00e8s la terminale \u00e0 nos modules d\u2019E-learning et sur place.<\/p><\/div><div class=\"choose-text\"><i class=\"bx bx-badge-check\"><\/i><p>Double cursus (reconnu par l\u2019Union europ\u00e9enne).<\/p><\/div><div class=\"choose-text\"><i class=\"bx bx-badge-check\"><\/i><p>Ouverture Universite d\u2019\u00e9t\u00e9 : cours gratuits.<\/p><\/div><div class=\"choose-text\"><i class=\"bx bx-badge-check\"><\/i><p>Corps enseignant international : Tunisien, Europ\u00e9en et Am\u00e9ricain avec un conseil incluant des laur\u00e9ats de prix Nobel.<\/p><\/div><div class=\"choose-text\"><i class=\"bx bx-badge-check\"><\/i><p>Logements gratuits \u00e0 Nabeul sur l\u2019ann\u00e9e scolaire.<\/p><\/div><div class=\"choose-text\"><i class=\"bx bx-badge-check\"><\/i><p>Cycles Ing\u00e9nieurs, Licences, Masters (Tunisiens et Fran\u00e7ais).<\/p><\/div><div class=\"choose-text\"><i class=\"bx bx-badge-check\"><\/i><p>Revue Scienifique avec des laur\u00e9ats de prix Nobel.<\/p><\/div><div class=\"choose-text\"><i class=\"bx bx-badge-check\"><\/i><p>Doctorat en Business Administration (IESCCI, Toulon,France).<\/p><\/div><div class=\"choose-text\"><i class=\"bx bx-badge-check\"><\/i><p>Formation Altern\u00e9e et Parrainage.<\/p><\/div><div class=\"choose-text\"><i class=\"bx bx-badge-check\"><\/i><p>D\u00e9veloppement des Comp\u00e9tences M\u00e9tiers et Employabilit\u00e9.<\/p><\/div><div class=\"choose-text\"><i class=\"bx bx-badge-check\"><\/i><p>\u00c9quipements Industriels de pointe.<\/p><\/div><\/div><\/div><div class=\"col-lg-6 col-md-12\"><div class=\"choose-image\"><img decoding=\"async\" src=\"https:\/\/mit.tn\/static\/img\/hhh.jpg\" alt=\"image\" \/><\/div><\/div><\/div><\/div><\/section><section class=\"overview-area pt-50 pb-100\"><div class=\"container\"><div class=\"overview-box\"><div class=\"overview-image\"><div class=\"image\"><img decoding=\"async\" src=\"https:\/\/mit.tn\/static\/img\/services\/it-service4.png\" alt=\"image\" \/><\/div><\/div><div class=\"overview-content\"><div class=\"blog-details-desc\"><div class=\"article-content\"><h3>LES OBJECTIFS<\/h3><ul class=\"features-list\"><li><i class=\"fas fa-check\"><\/i><b>Sp\u00e9cialisation<\/b>\u00a0: Choisir la formation appropri\u00e9e dans notre menu de presque 50 formations en IT, Management, Finance, ing\u00e9nierie, ing\u00e9nieur, dans nos Business Schools, Business Law and Politics, Engineering School. Innovation, technology and Science.<\/li><li><i class=\"fas fa-check\"><\/i><b>Professionnalisation<\/b>\u00a0: Degr\u00e9 de technicit\u00e9 \u00e9lev\u00e9 ; \u00e9quipement de pointe, certifications des parcours, web 3., industrie 4.0, salle de march\u00e9 et mat\u00e9riel de simulation en temps r\u00e9els, laboratoires et ateliers,<\/li><li><i class=\"fas fa-check\"><\/i><b>Internationalisation<\/b>\u00a0: Mobilit\u00e9 de nos \u00e9tudiants et possibilit\u00e9 de Double cursus et dipl\u00f4me en Europe, Asie, Am\u00e9rique du Nord.<\/li><li><i class=\"fas fa-check\"><\/i><b>Stages et placement des \u00e9tudiants en Tunisie et \u00e0 l\u2019\u00e9tranger<\/b>\u00a0: l\u2019\u00e9tudiant peut d\u00e9bter en Tunisie et continuer avec nos partenaires du r\u00e9seau REMEREG dans le cadre de l\u2019internationalisation.<\/li><li><i class=\"fas fa-check\"><\/i><b>MIT Incubator\u00a0<\/b>: Lancer votre innovation project dans MIT Incubator<\/li><\/ul><\/div><\/div><\/div><\/div><\/div><\/section><section class=\"overview-area pt-50 pb-100\"><div class=\"container\"><div class=\"overview-box\"><div class=\"overview-content\"><div class=\"blog-details-desc\"><div class=\"article-content\"><h3>NOS ENGAGEMENTS<\/h3><p>L\u2019universit\u00e9 offre des dipl\u00f4mes agr\u00e9\u00e9s par l\u2019\u00c9tat en plus des certifications, des stages en Tunisie et \u00e0 l\u2019\u00e9tranger.<\/p><p>La mise en place d\u2019un r\u00e9f\u00e9rentiel de comp\u00e9tences, les processus de mobilit\u00e9, la gestion des comp\u00e9tences, les certifications et les accr\u00e9ditations favorisent l\u2019interaction entre le monde acad\u00e9mique et professionnel..<\/p><p>L\u2019universit\u00e9 accompagne les \u00e9tudiants dans leurs projets professionnels en Tunisie et \u00e0 l\u2019international.<\/p><\/div><\/div><\/div><div class=\"overview-image\"><div class=\"image\"><img decoding=\"async\" src=\"https:\/\/mit.tn\/static\/img\/services\/it-service3.png\" alt=\"image\" \/><\/div><\/div><\/div><\/div><\/section><\/div>\r\n        <\/div>\r\n        \t\t<\/div>\n\t\t\t\t<\/div>\n\t\t\t\t\t<\/div>\n\t\t<\/div>\n\t\t\t\t\t<\/div>\n\t\t<\/section>\n\t\t\t\t<section class=\"elementor-section elementor-top-section elementor-element elementor-element-a1db87e elementor-section-boxed elementor-section-height-default elementor-section-height-default\" data-id=\"a1db87e\" data-element_type=\"section\">\n\t\t\t\t\t\t<div class=\"elementor-container elementor-column-gap-default\">\n\t\t\t\t\t<div class=\"elementor-column elementor-col-100 elementor-top-column elementor-element elementor-element-bf91164\" data-id=\"bf91164\" data-element_type=\"column\">\n\t\t\t<div class=\"elementor-widget-wrap elementor-element-populated\">\n\t\t\t\t\t\t<div class=\"elementor-element elementor-element-e66932d elementor-widget elementor-widget-Varn_IT_CTA_Area\" data-id=\"e66932d\" data-element_type=\"widget\" data-widget_type=\"Varn_IT_CTA_Area.default\">\n\t\t\t\t<div class=\"elementor-widget-container\">\n\t\t\t\r\n\t\t<div class=\"subscribe-inner-area lets-work jarallax\" style=\"background-image:url( https:\/\/wp.mit.tn\/wp-content\/uploads\/2024\/03\/423515945_1139777884130290_2994655698186618567_n-1.jpg );\" data-jarallax='{\"speed\": 0.3}'>\r\n\t\t\t<div class=\"container\">\r\n\t\t\t\t<div class=\"row align-items-center\">\r\n\t\t\t\t\t<div class=\"col-lg-6\">\r\n\t\t\t\t\t\t<span class=\"sub-title\">Comment peut on vous aider ?<\/span>\r\n                        <h2>N&#039;h\u00e9sitez pas \u00e0 nous contacter<\/h2>\r\n\t\t\t\t\t<\/div>\r\n\r\n\t\t\t\t\t<div class=\"col-lg-6\">\r\n\t\t\t\t\t\t\t\t\t\t\t\t\t<div class=\"contact-btn\">\r\n\t\t\t\t\t\t\t\t\t\t\t\t\t\t\t\t\t<a target=\"_blank\" href=\"https:\/\/wp.mit.tn\/fr\/contact\/\" class=\"default-btn\">Contactez nous  <span><\/span><\/a>\t\t\t\t\t\t\t<\/div>\r\n\t\t\t\t\t\t\t\t\t\t\t<\/div>\r\n\t\t\t\t<\/div>\r\n\t\t\t<\/div>\r\n\t\t<\/div>\r\n        \t\t<\/div>\n\t\t\t\t<\/div>\n\t\t\t\t\t<\/div>\n\t\t<\/div>\n\t\t\t\t\t<\/div>\n\t\t<\/section>\n\t\t\t\t<\/div>\n\t\t","protected":false},"excerpt":{"rendered":"<p>JOURNAL \u00c9LECTRONIQUE MIT\u00a0 \u00a0 \u00a0 Mediterranean Institute Of Tunisia Anciennet\u00e9 et Qualit\u00e9 Fond\u00e9e en 2004 en collaboration avec le R\u00e9seau Euro-M\u00e9diterran\u00e9en pour l\u2019Enseignement et la Recherche en Economie et en Gestion et en Technologie et TIC, R\u00e9seau REMEREG, l\u2019Universit\u00e9 M\u00e9dit\u00e9rran\u00e9ene, Mediterranean Institute of Tunisia, MIT a r\u00e9ussi \u00e0 obtenir une large reconnaissance nationale et internationale. <\/p>\n","protected":false},"author":1,"featured_media":0,"parent":0,"menu_order":0,"comment_status":"closed","ping_status":"closed","template":"","meta":{"footnotes":""},"_links":{"self":[{"href":"https:\/\/wp.mit.tn\/fr\/wp-json\/wp\/v2\/pages\/1143"}],"collection":[{"href":"https:\/\/wp.mit.tn\/fr\/wp-json\/wp\/v2\/pages"}],"about":[{"href":"https:\/\/wp.mit.tn\/fr\/wp-json\/wp\/v2\/types\/page"}],"author":[{"embeddable":true,"href":"https:\/\/wp.mit.tn\/fr\/wp-json\/wp\/v2\/users\/1"}],"replies":[{"embeddable":true,"href":"https:\/\/wp.mit.tn\/fr\/wp-json\/wp\/v2\/comments?post=1143"}],"version-history":[{"count":191,"href":"https:\/\/wp.mit.tn\/fr\/wp-json\/wp\/v2\/pages\/1143\/revisions"}],"predecessor-version":[{"id":4850,"href":"https:\/\/wp.mit.tn\/fr\/wp-json\/wp\/v2\/pages\/1143\/revisions\/4850"}],"wp:attachment":[{"href":"https:\/\/wp.mit.tn\/fr\/wp-json\/wp\/v2\/media?parent=1143"}],"curies":[{"name":"wp","href":"https:\/\/api.w.org\/{rel}","templated":true}]}}